{"id":5750,"date":"2024-07-24T11:34:59","date_gmt":"2024-07-24T09:34:59","guid":{"rendered":"https:\/\/www.donaucamping-marbach.at\/side-notice\/"},"modified":"2025-02-20T13:31:17","modified_gmt":"2025-02-20T12:31:17","slug":"side-notice","status":"publish","type":"page","link":"https:\/\/www.donaucamping-marbach.at\/en\/side-notice\/","title":{"rendered":"Side notice"},"content":{"rendered":"\t\t<div data-elementor-type=\"wp-page\" data-elementor-id=\"5750\" class=\"elementor elementor-5750 elementor-5104\" data-elementor-post-type=\"page\">\n\t\t\t\t\t\t<section class=\"elementor-section elementor-top-section elementor-element elementor-element-a030070 elementor-section-content-top elementor-section-boxed elementor-section-height-default elementor-section-height-default\" data-id=\"a030070\" data-element_type=\"section\">\n\t\t\t\t\t\t\t<div class=\"elementor-background-overlay\"><\/div>\n\t\t\t\t\t\t\t<div class=\"elementor-container elementor-column-gap-wide\">\n\t\t\t\t\t<div class=\"elementor-column elementor-col-50 elementor-top-column elementor-element elementor-element-cfafea5\" data-id=\"cfafea5\" data-element_type=\"column\">\n\t\t\t<div class=\"elementor-widget-wrap elementor-element-populated\">\n\t\t\t\t\t\t<div class=\"elementor-element elementor-element-b5e6f6a elementor-widget elementor-widget-vedhak_elementor_heading\" data-id=\"b5e6f6a\" data-element_type=\"widget\" data-widget_type=\"vedhak_elementor_heading.default\">\n\t\t\t\t<div class=\"elementor-widget-container\">\n\t\t\t\t\t\n\t\t\t<div class=\"ova-heading template1\">\n\n\t\t\t\t\n\t\t\t\t\n\t\t\t\t\t\n\t\t\t\t\t\t<h3 class=\"title\"><span class=\"title-bold\">Impressum\n<\/span><span class=\"title-normal\">& rechtliche Hinweise<\/span><\/h3>\n\n\t\t\t\t\t\n\n\t\t\t\t\t\t\t\t\t\n\t\t\t\t\n\t\t\t\t\n\t\t\t\t\t\n\t\t\t\t\n\t\t\t<\/div>\n\n\t\t\t\t\t\t<\/div>\n\t\t\t\t<\/div>\n\t\t\t\t<div class=\"elementor-element elementor-element-a3604b6 elementor-widget elementor-widget-text-editor\" data-id=\"a3604b6\" data-element_type=\"widget\" data-widget_type=\"text-editor.default\">\n\t\t\t\t<div class=\"elementor-widget-container\">\n\t\t\t\t\t\t\t\t\t<h4>Adresse<\/h4>\n<p><\/p>\n<div class=\"\">Camping Marbach<\/div>\n<p><\/p>\n<div class=\"\">Campingweg 2<br class=\"\" \/>3671 Marbach an der Donau<\/div>\n<p><\/p>\n<h4>Kontakt<\/h4>\n<p><\/p>\n<div class=\"\">\n<p><span class=\"\">T: +43 7413 7077<br \/>info@donaucamping-marbach.at<br \/>www.donaucamping-marbach.at<\/span><\/p>\n<h4>Marbacher Freizeitzentrum u. Sportboothafenbetriebsges.m.b.H.<\/h4>\n<p><\/div>\n<p>Marktstra\u00dfe 1<br \/>3671 Marbach an der Donau<br \/>T: +43 7413 7077<\/p>\n<p><strong>UID. Nummer:<\/strong>\u00a0ATU\u00a0 18841706<br \/><strong>Firmenbuchgericht:<\/strong>\u00a0<strong>Landesgericht St. P\u00f6lten\u2028FN:<\/strong>\u00a079661z<\/p>\n<p><strong>Verantwortlich f\u00fcr den Inhalt:<\/strong>\u00a0Gerhard Engel<br \/><strong>Ansprechpartner:<\/strong>\u00a0Gerhard Engel<br \/><strong>Produkte und Dienstleistungen:<\/strong>\u00a0Gastronomie und Freizeitwirtschaft<br \/><strong>Firmenrechtsform:<\/strong>\u00a0Marbacher Freizeitzentrum &amp; Sportboothafenbetriebsges.m.b.H.<br \/>Mitglied der Wirtschaftskammer Nieder\u00f6sterreich<br \/>Beh\u00f6rde gem. ECG:<\/p>\n<p><strong>Konzept &amp; Design:<\/strong>\u00a0<a href=\"http:\/\/freshideas.at\/\">www.freshideas.at<\/a><\/p>\n<p><strong>Fotonachweise:<\/strong><br \/>Landgasthof Zur sch\u00f6nen Wienerin, Donau Nieder\u00f6sterreich Tourismus GmbH, Robert Herbst, Michaela Liebert, Barbara Elser, Klaus Engelmayer, Doris Schwarz-K\u00f6nig, Andreas Hofer<\/p>\n<p><strong>Haftung f\u00fcr Links<\/strong><br \/>Trotz sorgf\u00e4ltiger inhaltlicher Kontrolle \u00fcbernehmen wir keine Haftung f\u00fcr die Inhalte externer Links.<br \/>F\u00fcr den Inhalt der verlinkten Seiten sind ausschlie\u00dflich deren Betreiber verantwortlich.<\/p>\n<p><strong>Urheberrechte<br \/><\/strong>Der Inhalt dieser Website ist urheberrechtlich gesch\u00fctzt. Die Bereitstellung von Inhalten und Bildmaterial dieser Website auf anderen Websites ist nur mit ausdr\u00fccklicher Genehmigung der Redaktion gestattet. Die auf dieser Website enthaltenen Angaben werden nach bestem Wissen erstellt und mit gro\u00dfer Sorgfalt auf ihre Richtigkeit \u00fcberpr\u00fcft. Trotzdem sind inhaltliche und sachliche Fehler nicht vollst\u00e4ndig auszuschlie\u00dfen.\u2028\u2028Wir \u00fcbernehmen keinerlei Garantie und Haftung f\u00fcr die Richtigkeit, Aktualit\u00e4t und Vollst\u00e4ndigkeit der bereitgestellten Informationen. Alle Angaben sind ohne Gew\u00e4hr. Dies gilt auch f\u00fcr alle Links zu anderen URLs, die auf unserer Website genannt werden.<\/p>\n\t\t\t\t\t\t\t\t<\/div>\n\t\t\t\t<\/div>\n\t\t\t\t\t<\/div>\n\t\t<\/div>\n\t\t\t\t<div class=\"elementor-column elementor-col-50 elementor-top-column elementor-element elementor-element-56310eb\" data-id=\"56310eb\" data-element_type=\"column\">\n\t\t\t<div class=\"elementor-widget-wrap\">\n\t\t\t\t\t\t\t<\/div>\n\t\t<\/div>\n\t\t\t\t\t<\/div>\n\t\t<\/section>\n\t\t\t\t<\/div>\n\t\t","protected":false},"excerpt":{"rendered":"<p>Impressum &#038; rechtliche Hinweise Adresse Camping Marbach Campingweg 23671 Marbach an der Donau Kontakt T: +43 7413 7077info@donaucamping-marbach.atwww.donaucamping-marbach.at Marbacher Freizeitzentrum u. Sportboothafenbetriebsges.m.b.H. Marktstra\u00dfe 13671 Marbach an der DonauT: +43 7413 7077 UID. Nummer:\u00a0ATU\u00a0 18841706Firmenbuchgericht:\u00a0Landesgericht St. P\u00f6lten\u2028FN:\u00a079661z Verantwortlich f\u00fcr den Inhalt:\u00a0Gerhard EngelAnsprechpartner:\u00a0Gerhard EngelProdukte und Dienstleistungen:\u00a0Gastronomie und FreizeitwirtschaftFirmenrechtsform:\u00a0Marbacher Freizeitzentrum &amp; Sportboothafenbetriebsges.m.b.H.Mitglied der Wirtschaftskammer Nieder\u00f6sterreichBeh\u00f6rde gem. ECG: Konzept [&hellip;]<\/p>\n","protected":false},"author":3,"featured_media":0,"parent":0,"menu_order":0,"comment_status":"closed","ping_status":"closed","template":"elementor_header_footer","meta":{"footnotes":""},"class_list":["post-5750","page","type-page","status-publish","hentry"],"yoast_head":"<!-- This site is optimized with the Yoast SEO plugin v26.3 - https:\/\/yoast.com\/wordpress\/plugins\/seo\/ -->\n<title>Side notice - Donau Camping Marbach<\/title>\n<meta name=\"robots\" content=\"index, follow, max-snippet:-1, max-image-preview:large, max-video-preview:-1\" \/>\n<link rel=\"canonical\" href=\"https:\/\/www.donaucamping-marbach.at\/en\/side-notice\/\" \/>\n<meta property=\"og:locale\" content=\"en_US\" \/>\n<meta property=\"og:type\" content=\"article\" \/>\n<meta property=\"og:title\" content=\"Side notice - Donau Camping Marbach\" \/>\n<meta property=\"og:description\" content=\"Impressum &#038; rechtliche Hinweise Adresse Camping Marbach Campingweg 23671 Marbach an der Donau Kontakt T: +43 7413 7077info@donaucamping-marbach.atwww.donaucamping-marbach.at Marbacher Freizeitzentrum u. Sportboothafenbetriebsges.m.b.H. Marktstra\u00dfe 13671 Marbach an der DonauT: +43 7413 7077 UID. Nummer:\u00a0ATU\u00a0 18841706Firmenbuchgericht:\u00a0Landesgericht St. P\u00f6lten\u2028FN:\u00a079661z Verantwortlich f\u00fcr den Inhalt:\u00a0Gerhard EngelAnsprechpartner:\u00a0Gerhard EngelProdukte und Dienstleistungen:\u00a0Gastronomie und FreizeitwirtschaftFirmenrechtsform:\u00a0Marbacher Freizeitzentrum &amp; Sportboothafenbetriebsges.m.b.H.Mitglied der Wirtschaftskammer Nieder\u00f6sterreichBeh\u00f6rde gem. ECG: Konzept [&hellip;]\" \/>\n<meta property=\"og:url\" content=\"https:\/\/www.donaucamping-marbach.at\/en\/side-notice\/\" \/>\n<meta property=\"og:site_name\" content=\"Donau Camping Marbach\" \/>\n<meta property=\"article:modified_time\" content=\"2025-02-20T12:31:17+00:00\" \/>\n<meta name=\"twitter:card\" content=\"summary_large_image\" \/>\n<meta name=\"twitter:label1\" content=\"Est. reading time\" \/>\n\t<meta name=\"twitter:data1\" content=\"1 minute\" \/>\n<script type=\"application\/ld+json\" class=\"yoast-schema-graph\">{\"@context\":\"https:\/\/schema.org\",\"@graph\":[{\"@type\":\"WebPage\",\"@id\":\"https:\/\/www.donaucamping-marbach.at\/en\/side-notice\/\",\"url\":\"https:\/\/www.donaucamping-marbach.at\/en\/side-notice\/\",\"name\":\"Side notice - Donau Camping Marbach\",\"isPartOf\":{\"@id\":\"https:\/\/www.donaucamping-marbach.at\/en\/#website\"},\"datePublished\":\"2024-07-24T09:34:59+00:00\",\"dateModified\":\"2025-02-20T12:31:17+00:00\",\"breadcrumb\":{\"@id\":\"https:\/\/www.donaucamping-marbach.at\/en\/side-notice\/#breadcrumb\"},\"inLanguage\":\"en-US\",\"potentialAction\":[{\"@type\":\"ReadAction\",\"target\":[\"https:\/\/www.donaucamping-marbach.at\/en\/side-notice\/\"]}]},{\"@type\":\"BreadcrumbList\",\"@id\":\"https:\/\/www.donaucamping-marbach.at\/en\/side-notice\/#breadcrumb\",\"itemListElement\":[{\"@type\":\"ListItem\",\"position\":1,\"name\":\"Startseite\",\"item\":\"https:\/\/www.donaucamping-marbach.at\/en\/\"},{\"@type\":\"ListItem\",\"position\":2,\"name\":\"Side notice\"}]},{\"@type\":\"WebSite\",\"@id\":\"https:\/\/www.donaucamping-marbach.at\/en\/#website\",\"url\":\"https:\/\/www.donaucamping-marbach.at\/en\/\",\"name\":\"Donau Camping Marbach\",\"description\":\"\",\"publisher\":{\"@id\":\"https:\/\/www.donaucamping-marbach.at\/en\/#organization\"},\"potentialAction\":[{\"@type\":\"SearchAction\",\"target\":{\"@type\":\"EntryPoint\",\"urlTemplate\":\"https:\/\/www.donaucamping-marbach.at\/en\/?s={search_term_string}\"},\"query-input\":{\"@type\":\"PropertyValueSpecification\",\"valueRequired\":true,\"valueName\":\"search_term_string\"}}],\"inLanguage\":\"en-US\"},{\"@type\":\"Organization\",\"@id\":\"https:\/\/www.donaucamping-marbach.at\/en\/#organization\",\"name\":\"Donau Camping Marbach\",\"url\":\"https:\/\/www.donaucamping-marbach.at\/en\/\",\"logo\":{\"@type\":\"ImageObject\",\"inLanguage\":\"en-US\",\"@id\":\"https:\/\/www.donaucamping-marbach.at\/en\/#\/schema\/logo\/image\/\",\"url\":\"https:\/\/www.donaucamping-marbach.at\/wp-content\/uploads\/2024\/06\/logo.png\",\"contentUrl\":\"https:\/\/www.donaucamping-marbach.at\/wp-content\/uploads\/2024\/06\/logo.png\",\"width\":842,\"height\":634,\"caption\":\"Donau Camping Marbach\"},\"image\":{\"@id\":\"https:\/\/www.donaucamping-marbach.at\/en\/#\/schema\/logo\/image\/\"}}]}<\/script>\n<!-- \/ Yoast SEO plugin. -->","yoast_head_json":{"title":"Side notice - Donau Camping Marbach","robots":{"index":"index","follow":"follow","max-snippet":"max-snippet:-1","max-image-preview":"max-image-preview:large","max-video-preview":"max-video-preview:-1"},"canonical":"https:\/\/www.donaucamping-marbach.at\/en\/side-notice\/","og_locale":"en_US","og_type":"article","og_title":"Side notice - Donau Camping Marbach","og_description":"Impressum &#038; rechtliche Hinweise Adresse Camping Marbach Campingweg 23671 Marbach an der Donau Kontakt T: +43 7413 7077info@donaucamping-marbach.atwww.donaucamping-marbach.at Marbacher Freizeitzentrum u. Sportboothafenbetriebsges.m.b.H. Marktstra\u00dfe 13671 Marbach an der DonauT: +43 7413 7077 UID. Nummer:\u00a0ATU\u00a0 18841706Firmenbuchgericht:\u00a0Landesgericht St. P\u00f6lten\u2028FN:\u00a079661z Verantwortlich f\u00fcr den Inhalt:\u00a0Gerhard EngelAnsprechpartner:\u00a0Gerhard EngelProdukte und Dienstleistungen:\u00a0Gastronomie und FreizeitwirtschaftFirmenrechtsform:\u00a0Marbacher Freizeitzentrum &amp; Sportboothafenbetriebsges.m.b.H.Mitglied der Wirtschaftskammer Nieder\u00f6sterreichBeh\u00f6rde gem. ECG: Konzept [&hellip;]","og_url":"https:\/\/www.donaucamping-marbach.at\/en\/side-notice\/","og_site_name":"Donau Camping Marbach","article_modified_time":"2025-02-20T12:31:17+00:00","twitter_card":"summary_large_image","twitter_misc":{"Est. reading time":"1 minute"},"schema":{"@context":"https:\/\/schema.org","@graph":[{"@type":"WebPage","@id":"https:\/\/www.donaucamping-marbach.at\/en\/side-notice\/","url":"https:\/\/www.donaucamping-marbach.at\/en\/side-notice\/","name":"Side notice - Donau Camping Marbach","isPartOf":{"@id":"https:\/\/www.donaucamping-marbach.at\/en\/#website"},"datePublished":"2024-07-24T09:34:59+00:00","dateModified":"2025-02-20T12:31:17+00:00","breadcrumb":{"@id":"https:\/\/www.donaucamping-marbach.at\/en\/side-notice\/#breadcrumb"},"inLanguage":"en-US","potentialAction":[{"@type":"ReadAction","target":["https:\/\/www.donaucamping-marbach.at\/en\/side-notice\/"]}]},{"@type":"BreadcrumbList","@id":"https:\/\/www.donaucamping-marbach.at\/en\/side-notice\/#breadcrumb","itemListElement":[{"@type":"ListItem","position":1,"name":"Startseite","item":"https:\/\/www.donaucamping-marbach.at\/en\/"},{"@type":"ListItem","position":2,"name":"Side notice"}]},{"@type":"WebSite","@id":"https:\/\/www.donaucamping-marbach.at\/en\/#website","url":"https:\/\/www.donaucamping-marbach.at\/en\/","name":"Donau Camping Marbach","description":"","publisher":{"@id":"https:\/\/www.donaucamping-marbach.at\/en\/#organization"},"potentialAction":[{"@type":"SearchAction","target":{"@type":"EntryPoint","urlTemplate":"https:\/\/www.donaucamping-marbach.at\/en\/?s={search_term_string}"},"query-input":{"@type":"PropertyValueSpecification","valueRequired":true,"valueName":"search_term_string"}}],"inLanguage":"en-US"},{"@type":"Organization","@id":"https:\/\/www.donaucamping-marbach.at\/en\/#organization","name":"Donau Camping Marbach","url":"https:\/\/www.donaucamping-marbach.at\/en\/","logo":{"@type":"ImageObject","inLanguage":"en-US","@id":"https:\/\/www.donaucamping-marbach.at\/en\/#\/schema\/logo\/image\/","url":"https:\/\/www.donaucamping-marbach.at\/wp-content\/uploads\/2024\/06\/logo.png","contentUrl":"https:\/\/www.donaucamping-marbach.at\/wp-content\/uploads\/2024\/06\/logo.png","width":842,"height":634,"caption":"Donau Camping Marbach"},"image":{"@id":"https:\/\/www.donaucamping-marbach.at\/en\/#\/schema\/logo\/image\/"}}]}},"_links":{"self":[{"href":"https:\/\/www.donaucamping-marbach.at\/en\/wp-json\/wp\/v2\/pages\/5750","targetHints":{"allow":["GET"]}}],"collection":[{"href":"https:\/\/www.donaucamping-marbach.at\/en\/wp-json\/wp\/v2\/pages"}],"about":[{"href":"https:\/\/www.donaucamping-marbach.at\/en\/wp-json\/wp\/v2\/types\/page"}],"author":[{"embeddable":true,"href":"https:\/\/www.donaucamping-marbach.at\/en\/wp-json\/wp\/v2\/users\/3"}],"replies":[{"embeddable":true,"href":"https:\/\/www.donaucamping-marbach.at\/en\/wp-json\/wp\/v2\/comments?post=5750"}],"version-history":[{"count":1,"href":"https:\/\/www.donaucamping-marbach.at\/en\/wp-json\/wp\/v2\/pages\/5750\/revisions"}],"predecessor-version":[{"id":5751,"href":"https:\/\/www.donaucamping-marbach.at\/en\/wp-json\/wp\/v2\/pages\/5750\/revisions\/5751"}],"wp:attachment":[{"href":"https:\/\/www.donaucamping-marbach.at\/en\/wp-json\/wp\/v2\/media?parent=5750"}],"curies":[{"name":"wp","href":"https:\/\/api.w.org\/{rel}","templated":true}]}}